{"id":24,"date":"2021-06-22T07:34:37","date_gmt":"2021-06-22T07:34:37","guid":{"rendered":"http:\/\/www.nohejbalcz.cz\/?page_id=24"},"modified":"2021-06-22T07:46:58","modified_gmt":"2021-06-22T07:46:58","slug":"odkazy","status":"publish","type":"page","link":"https:\/\/www.nohejbalcz.cz\/index.php\/odkazy\/","title":{"rendered":"Odkazy"},"content":{"rendered":"\n<p><a href=\"https:\/\/www.nohejbalcz.cz\/\" target=\"_blank\" rel=\"noreferrer noopener\">www.nohejbalcz.cz<\/a>&nbsp;&#8211; na\u0161e str\u00e1nky<\/p>\n\n\n\n<p><a href=\"http:\/\/www.nohejbal.org\/\" target=\"_blank\" rel=\"noreferrer noopener\">www.nohejbal.org<\/a>&nbsp;&#8211; Ofici\u00e1ln\u00ed str\u00e1nky \u010cesk\u00e9ho nohejbalov\u00e9ho svazu<\/p>\n\n\n\n<p><a href=\"http:\/\/www.op-kh-ko.wz.cz\/\" target=\"_blank\" rel=\"noreferrer noopener\">www.op-kh-ko.wz.cz<\/a>&nbsp;&#8211; Ofici\u00e1ln\u00ed str\u00e1nky Okresn\u00edho nohejbalov\u00e9ho svazu Kutn\u00e1 Hora &#8211; Kol\u00edn<\/p>\n\n\n\n<p><a href=\"http:\/\/www.zzzz.cz\/nohejbal\" target=\"_blank\" rel=\"noreferrer noopener\">www.zzzz.cz\/nohejbal<\/a>&nbsp;&#8211; v\u0161e o nohejbale<\/p>\n\n\n\n<p><a href=\"http:\/\/www.nohecmagazin.cz\/\" target=\"_blank\" rel=\"noreferrer noopener\">www.nohecmagazin.cz<\/a>&nbsp;&#8211; Nohejbalov\u00fd magaz\u00edn<\/p>\n\n\n\n<p><a href=\"http:\/\/www.tjcirkvice.wz.cz\/\" target=\"_blank\" rel=\"noreferrer noopener\">www.tjcirkvice.wz.cz&nbsp;<\/a>&#8211; Str\u00e1nky nohejbalov\u00e9ho odd\u00edlu TJ C\u00edrkvice<\/p>\n\n\n\n<p><a href=\"http:\/\/www.sk-vavrinec.wz.cz\/\" target=\"_blank\" rel=\"noreferrer noopener\">www.sk-vavrinec.wz.cz<\/a>&nbsp;&#8211; Str\u00e1nky sportovn\u00edho klubu v obci Vav\u0159inec<\/p>\n\n\n\n<p><a href=\"http:\/\/wwww.nohejbalvrdy.wz.cz\/\" target=\"_blank\" rel=\"noreferrer noopener\">wwww.nohejbalvrdy.wz.cz<\/a>&nbsp;&#8211; Str\u00e1nky nohejbalov\u00e9ho odd\u00edlu Slavoj Vrdy<\/p>\n\n\n\n<p><a href=\"http:\/\/tjjiskrazrucnadsazavou.sblog.cz\/\" target=\"_blank\" rel=\"noreferrer noopener\">www.tjjiskrazrucnadsazavou.sblog.cz\/<\/a>&nbsp;&#8211; Str\u00e1nky nohejbalov\u00e9ho klubu TJ Jiskra Zru\u010d nad S\u00e1zavou<\/p>\n\n\n\n<p><a href=\"http:\/\/www.ceskatelevize.cz\/ivysilani\/10169274524-nohejbal\/?streamtype=WM2\" target=\"_blank\" rel=\"noreferrer noopener\">www.ceskatelevize.cz<\/a>&nbsp;&#8211; Z\u00e1znamy MS Nymburk 2008, M \u010cR Vy\u0161kov 2009 a jin\u00e9<\/p>\n\n\n\n<p><a href=\"http:\/\/www.skjenstejn.wz.cz\/\" target=\"_blank\" rel=\"noreferrer noopener\">www.skjenstejn.wz.cz<\/a>&nbsp;&#8211; Str\u00e1nky sportovn\u00edho klubu SK Jen\u0161tejn<\/p>\n\n\n\n<p><a href=\"http:\/\/www.sk-uvaly.xf.cz\/\" target=\"_blank\" rel=\"noreferrer noopener\">www.sk-uvaly.xf.cz<\/a>&nbsp;&#8211; Str\u00e1nky sportovn\u00edho klubu \u00davaly<\/p>\n\n\n\n<p><a href=\"http:\/\/sites.google.com\/site\/nkvelkechvalovice\/\" target=\"_blank\" rel=\"noreferrer noopener\">sites.google.com\/site\/nkvelkechvalovice<\/a>&nbsp;&#8211; Str\u00e1nky sportovn\u00edho klubu Velk\u00e9 Chvalovice<\/p>\n\n\n\n<p><a href=\"http:\/\/vysledky.lidovky.cz\/nohejbal\/nohejbal_soutez.php?id_soutez=100&amp;id_session=\" target=\"_blank\" rel=\"noreferrer noopener\">vysledky.lidovky.cz<\/a>&nbsp;&#8211; V\u00fdsledky krajsk\u00e9 sout\u011b\u017ee<\/p>\n","protected":false},"excerpt":{"rendered":"<p>www.nohejbalcz.cz&nbsp;&#8211; na\u0161e str\u00e1nky www.nohejbal.org&nbsp;&#8211; Ofici\u00e1ln\u00ed str\u00e1nky \u010cesk\u00e9ho nohejbalov\u00e9ho svazu www.op-kh-ko.wz.cz&nbsp;&#8211; Ofici\u00e1ln\u00ed str\u00e1nky Okresn\u00edho nohejbalov\u00e9ho svazu Kutn\u00e1 Hora &#8211; Kol\u00edn www.zzzz.cz\/nohejbal&nbsp;&#8211; v\u0161e o nohejbale www.nohecmagazin.cz&nbsp;&#8211; Nohejbalov\u00fd magaz\u00edn www.tjcirkvice.wz.cz&nbsp;&#8211; Str\u00e1nky nohejbalov\u00e9ho odd\u00edlu TJ C\u00edrkvice www.sk-vavrinec.wz.cz&nbsp;&#8211; Str\u00e1nky sportovn\u00edho klubu v obci Vav\u0159inec wwww.nohejbalvrdy.wz.cz&nbsp;&#8211; Str\u00e1nky nohejbalov\u00e9ho odd\u00edlu Slavoj Vrdy www.tjjiskrazrucnadsazavou.sblog.cz\/&nbsp;&#8211; Str\u00e1nky nohejbalov\u00e9ho klubu TJ Jiskra Zru\u010d nad S\u00e1zavou www.ceskatelevize.cz&nbsp;&#8211; [&hellip;]<\/p>\n","protected":false},"author":1,"featured_media":0,"parent":0,"menu_order":0,"comment_status":"closed","ping_status":"closed","template":"","meta":{"footnotes":""},"class_list":["post-24","page","type-page","status-publish","hentry"],"_links":{"self":[{"href":"https:\/\/www.nohejbalcz.cz\/index.php\/wp-json\/wp\/v2\/pages\/24","targetHints":{"allow":["GET"]}}],"collection":[{"href":"https:\/\/www.nohejbalcz.cz\/index.php\/wp-json\/wp\/v2\/pages"}],"about":[{"href":"https:\/\/www.nohejbalcz.cz\/index.php\/wp-json\/wp\/v2\/types\/page"}],"author":[{"embeddable":true,"href":"https:\/\/www.nohejbalcz.cz\/index.php\/wp-json\/wp\/v2\/users\/1"}],"replies":[{"embeddable":true,"href":"https:\/\/www.nohejbalcz.cz\/index.php\/wp-json\/wp\/v2\/comments?post=24"}],"version-history":[{"count":2,"href":"https:\/\/www.nohejbalcz.cz\/index.php\/wp-json\/wp\/v2\/pages\/24\/revisions"}],"predecessor-version":[{"id":34,"href":"https:\/\/www.nohejbalcz.cz\/index.php\/wp-json\/wp\/v2\/pages\/24\/revisions\/34"}],"wp:attachment":[{"href":"https:\/\/www.nohejbalcz.cz\/index.php\/wp-json\/wp\/v2\/media?parent=24"}],"curies":[{"name":"wp","href":"https:\/\/api.w.org\/{rel}","templated":true}]}}