{"id":28,"date":"2021-06-22T07:35:04","date_gmt":"2021-06-22T07:35:04","guid":{"rendered":"http:\/\/www.nohejbalcz.cz\/?page_id=28"},"modified":"2021-06-22T19:05:27","modified_gmt":"2021-06-22T19:05:27","slug":"kontakty","status":"publish","type":"page","link":"https:\/\/www.nohejbalcz.cz\/index.php\/kontakty\/","title":{"rendered":"Kontakty"},"content":{"rendered":"\n<p><strong><strong>Petr Kratochv\u00edl<\/strong><br><\/strong>Po\u0159adatel turnaj\u016f Konojedy a hr\u00e1\u010d NOH Konojedy, tren\u00e9r a hr\u00e1\u010d Kosteleck\u00e9ho t\u00fdmu.<\/p>\n\n\n\n<p>Tel.:&nbsp;<strong>603 931 497<\/strong><\/p>\n\n\n\n<p>Email :\u00a0<a href=\"mailto:info@nohejbalcz.cz\">info@nohejbalcz.cz<\/a><\/p>\n\n\n\n<p>Web:&nbsp;<a href=\"http:\/\/www.krakon.cz\/\" target=\"_blank\" rel=\"noreferrer noopener\">www.krakon.cz<\/a><\/p>\n\n\n\n<p><\/p>\n\n\n\n<p><\/p>\n\n\n\n<p><strong><strong>Josef B\u00edlek<\/strong><br><\/strong>Vedouc\u00ed odd\u00edlu, webmaster.<\/p>\n\n\n\n<p>Tel.:\u00a0<strong>774 413 762<\/strong><\/p>\n\n\n\n<p>Email :\u00a0<a href=\"mailto:info@nohejbalcz.cz\">info@nohejbalcz.cz<\/a><\/p>\n\n\n\n<p>Web:\u00a0<a rel=\"noreferrer noopener\" href=\"http:\/\/www.krakon.cz\/\" target=\"_blank\">www.BLK.cz<\/a><\/p>\n\n\n\n<p><\/p>\n\n\n\n<p><\/p>\n","protected":false},"excerpt":{"rendered":"<p>Petr Kratochv\u00edlPo\u0159adatel turnaj\u016f Konojedy a hr\u00e1\u010d NOH Konojedy, tren\u00e9r a hr\u00e1\u010d Kosteleck\u00e9ho t\u00fdmu. Tel.:&nbsp;603 931 497 Email :\u00a0info@nohejbalcz.cz Web:&nbsp;www.krakon.cz Josef B\u00edlekVedouc\u00ed odd\u00edlu, webmaster. Tel.:\u00a0774 413 762 Email :\u00a0info@nohejbalcz.cz Web:\u00a0www.BLK.cz<\/p>\n","protected":false},"author":1,"featured_media":0,"parent":0,"menu_order":0,"comment_status":"closed","ping_status":"closed","template":"","meta":{"footnotes":""},"class_list":["post-28","page","type-page","status-publish","hentry"],"_links":{"self":[{"href":"https:\/\/www.nohejbalcz.cz\/index.php\/wp-json\/wp\/v2\/pages\/28","targetHints":{"allow":["GET"]}}],"collection":[{"href":"https:\/\/www.nohejbalcz.cz\/index.php\/wp-json\/wp\/v2\/pages"}],"about":[{"href":"https:\/\/www.nohejbalcz.cz\/index.php\/wp-json\/wp\/v2\/types\/page"}],"author":[{"embeddable":true,"href":"https:\/\/www.nohejbalcz.cz\/index.php\/wp-json\/wp\/v2\/users\/1"}],"replies":[{"embeddable":true,"href":"https:\/\/www.nohejbalcz.cz\/index.php\/wp-json\/wp\/v2\/comments?post=28"}],"version-history":[{"count":7,"href":"https:\/\/www.nohejbalcz.cz\/index.php\/wp-json\/wp\/v2\/pages\/28\/revisions"}],"predecessor-version":[{"id":130,"href":"https:\/\/www.nohejbalcz.cz\/index.php\/wp-json\/wp\/v2\/pages\/28\/revisions\/130"}],"wp:attachment":[{"href":"https:\/\/www.nohejbalcz.cz\/index.php\/wp-json\/wp\/v2\/media?parent=28"}],"curies":[{"name":"wp","href":"https:\/\/api.w.org\/{rel}","templated":true}]}}